{"id":24610,"date":"2021-09-07T21:53:36","date_gmt":"2021-09-07T21:53:36","guid":{"rendered":"https:\/\/fideicomisocastanares.com.ar\/?page_id=24610"},"modified":"2025-12-12T17:48:42","modified_gmt":"2025-12-12T20:48:42","slug":"contacto","status":"publish","type":"page","link":"https:\/\/fideicomisocastanares.com.ar\/index.php\/contacto\/","title":{"rendered":"Contacto"},"content":{"rendered":"<p>[et_pb_section fb_built=\u00bb1&#8243; _builder_version=\u00bb4.16&#8243; _module_preset=\u00bbdefault\u00bb background_color=\u00bb#02B7A4&#8243; background_image=\u00bbhttps:\/\/fideicomisocastanares.com.ar\/wp-content\/uploads\/2021\/09\/puntos-blancos-y-linea.png\u00bb global_colors_info=\u00bb{}\u00bb][et_pb_row _builder_version=\u00bb4.16&#8243; _module_preset=\u00bbdefault\u00bb background_color=\u00bb#19746B\u00bb global_colors_info=\u00bb{}\u00bb][et_pb_column type=\u00bb4_4&#8243; _builder_version=\u00bb4.16&#8243; _module_preset=\u00bbdefault\u00bb global_colors_info=\u00bb{}\u00bb][et_pb_text _builder_version=\u00bb4.16&#8243; _module_preset=\u00bbdefault\u00bb header_2_font=\u00bb|800|||||||\u00bb header_2_text_align=\u00bbcenter\u00bb header_2_text_color=\u00bb#BBFCF4&#8243; header_2_font_size=\u00bb40px\u00bb header_2_letter_spacing=\u00bb8px\u00bb custom_margin=\u00bb||-1px|||\u00bb global_colors_info=\u00bb{}\u00bb]<\/p>\n<h2>CONTACTO<\/h2>\n<p>[\/et_pb_text][\/et_pb_column][\/et_pb_row][et_pb_row column_structure=\u00bb1_2,1_2&#8243; _builder_version=\u00bb4.16&#8243; _module_preset=\u00bbdefault\u00bb background_color=\u00bb#053834&#8243; custom_padding=\u00bb|20px||20px|false|true\u00bb global_colors_info=\u00bb{}\u00bb][et_pb_column type=\u00bb1_2&#8243; _builder_version=\u00bb4.16&#8243; _module_preset=\u00bbdefault\u00bb background_color=\u00bb#BBFCF4&#8243; global_colors_info=\u00bb{}\u00bb][et_pb_text _builder_version=\u00bb4.16&#8243; _module_preset=\u00bbdefault\u00bb header_3_font=\u00bb|300|||||||\u00bb header_3_text_align=\u00bbcenter\u00bb header_3_text_color=\u00bb#02B7A4&#8243; header_3_font_size=\u00bb35px\u00bb background_color=\u00bb#000000&#8243; custom_padding=\u00bb37px|||||\u00bb global_colors_info=\u00bb{}\u00bb]<\/p>\n<h3>COMERCIALIZA<\/h3>\n<p>[\/et_pb_text][et_pb_text _builder_version=\u00bb4.16&#8243; _module_preset=\u00bbdefault\u00bb header_6_font=\u00bb|700|||||||\u00bb header_6_text_color=\u00bb#000000&#8243; custom_padding=\u00bb6px|20px|6px|20px|true|true\u00bb global_colors_info=\u00bb{}\u00bb]<\/p>\n<h2>CONSTRUCTORA M.S.G.\u00a0 S.R.L.<\/h2>\n<h3>Experiencia en Grandes Obras<\/h3>\n<h6>OBRA CIVIL &#8211; HORMIG\u00d3N ARMADO &#8211; ALBA\u00d1ILERIA EN GRAL<\/h6>\n<p><strong>Direcci\u00f3n:<\/strong> Chilavert Martiniano Cnel. 6921. Capital Federal, CABA<\/p>\n<p><strong>Tel\/Fax:<\/strong> 3535-3147<\/p>\n<p><strong>E-mail:<\/strong> <a href=\"mailto:constructoramsg@hotmail.com\">constructoramsg@hotmail.com<\/a><\/p>\n<p><strong>Whatsapp:<\/strong> 11-5120-1330\u00a0<\/p>\n<p>[\/et_pb_text][et_pb_image src=\u00bbhttps:\/\/fideicomisocastanares.com.ar\/wp-content\/uploads\/2021\/09\/CONSTRUCTORA-MSG-SRL.png\u00bb title_text=\u00bbCONSTRUCTORA MSG SRL\u00bb align=\u00bbcenter\u00bb _builder_version=\u00bb4.16&#8243; _module_preset=\u00bbdefault\u00bb width=\u00bb60%\u00bb custom_padding=\u00bb||20px||false|false\u00bb global_colors_info=\u00bb{}\u00bb][\/et_pb_image][\/et_pb_column][et_pb_column type=\u00bb1_2&#8243; _builder_version=\u00bb4.16&#8243; _module_preset=\u00bbdefault\u00bb background_enable_color=\u00bboff\u00bb global_colors_info=\u00bb{}\u00bb][et_pb_text _builder_version=\u00bb4.16&#8243; _module_preset=\u00bbdefault\u00bb text_text_color=\u00bb#F1F6FB\u00bb global_colors_info=\u00bb{}\u00bb][\/et_pb_text][et_pb_contact_form email=\u00bbconstructoramsg@hotmail.com\u00bb title=\u00bbEnv\u00edenos su consulta\u00bb custom_message=\u00bbMensaje de Sitio Web Fideicomiso Casta\u00f1ares||et_pb_line_break_holder||********************************************************||et_pb_line_break_holder||Nombre: %%Nombre%%||et_pb_line_break_holder||Email: %%Email%%||et_pb_line_break_holder||Tel\u00e9fono: %%Tel%%||et_pb_line_break_holder||Mensaje: %%Mensaje%%||et_pb_line_break_holder||||et_pb_line_break_holder||Contestar a la brevedad\u00bb success_message=\u00bbGracias! Pronto recibir\u00e1 una respuesta.\u00bb submit_button_text=\u00bbENVIAR\u00bb _builder_version=\u00bb4.27.4&#8243; _module_preset=\u00bbdefault\u00bb _unique_id=\u00bb3640dc48-c44d-440f-adfa-eb911fcee4c9&#8243; form_field_focus_text_color=\u00bb#19746B\u00bb title_text_color=\u00bb#BBFCF4&#8243; title_font_size=\u00bb28px\u00bb captcha_font=\u00bb|600|||||||\u00bb captcha_text_color=\u00bb#BBFCF4&#8243; captcha_font_size=\u00bb20px\u00bb captcha_letter_spacing=\u00bb4px\u00bb form_field_font=\u00bb|600|||||||\u00bb background_color=\u00bb#000000&#8243; custom_padding=\u00bb25px|20px|25px|20px|true|true\u00bb captcha_font_size_tablet=\u00bb20px\u00bb captcha_font_size_phone=\u00bb14px\u00bb captcha_font_size_last_edited=\u00bbon|tablet\u00bb global_colors_info=\u00bb{}\u00bb][et_pb_contact_field field_id=\u00bbNombre\u00bb field_title=\u00bbNombre\u00bb fullwidth_field=\u00bbon\u00bb _builder_version=\u00bb4.19.1&#8243; global_colors_info=\u00bb{}\u00bb button_text_size__hover_enabled=\u00bboff\u00bb button_one_text_size__hover_enabled=\u00bboff\u00bb button_two_text_size__hover_enabled=\u00bboff\u00bb button_text_color__hover_enabled=\u00bboff\u00bb button_one_text_color__hover_enabled=\u00bboff\u00bb button_two_text_color__hover_enabled=\u00bboff\u00bb button_border_width__hover_enabled=\u00bboff\u00bb button_one_border_width__hover_enabled=\u00bboff\u00bb button_two_border_width__hover_enabled=\u00bboff\u00bb button_border_color__hover_enabled=\u00bboff\u00bb button_one_border_color__hover_enabled=\u00bboff\u00bb button_two_border_color__hover_enabled=\u00bboff\u00bb button_border_radius__hover_enabled=\u00bboff\u00bb button_one_border_radius__hover_enabled=\u00bboff\u00bb button_two_border_radius__hover_enabled=\u00bboff\u00bb button_letter_spacing__hover_enabled=\u00bboff\u00bb button_one_letter_spacing__hover_enabled=\u00bboff\u00bb button_two_letter_spacing__hover_enabled=\u00bboff\u00bb button_bg_color__hover_enabled=\u00bboff\u00bb button_one_bg_color__hover_enabled=\u00bboff\u00bb button_two_bg_color__hover_enabled=\u00bboff\u00bb][\/et_pb_contact_field][et_pb_contact_field field_id=\u00bbEmail\u00bb field_title=\u00bbDirecci\u00f3n de correo electr\u00f3nico\u00bb field_type=\u00bbemail\u00bb _builder_version=\u00bb4.19.1&#8243; global_colors_info=\u00bb{}\u00bb button_text_size__hover_enabled=\u00bboff\u00bb button_one_text_size__hover_enabled=\u00bboff\u00bb button_two_text_size__hover_enabled=\u00bboff\u00bb button_text_color__hover_enabled=\u00bboff\u00bb button_one_text_color__hover_enabled=\u00bboff\u00bb button_two_text_color__hover_enabled=\u00bboff\u00bb button_border_width__hover_enabled=\u00bboff\u00bb button_one_border_width__hover_enabled=\u00bboff\u00bb button_two_border_width__hover_enabled=\u00bboff\u00bb button_border_color__hover_enabled=\u00bboff\u00bb button_one_border_color__hover_enabled=\u00bboff\u00bb button_two_border_color__hover_enabled=\u00bboff\u00bb button_border_radius__hover_enabled=\u00bboff\u00bb button_one_border_radius__hover_enabled=\u00bboff\u00bb button_two_border_radius__hover_enabled=\u00bboff\u00bb button_letter_spacing__hover_enabled=\u00bboff\u00bb button_one_letter_spacing__hover_enabled=\u00bboff\u00bb button_two_letter_spacing__hover_enabled=\u00bboff\u00bb button_bg_color__hover_enabled=\u00bboff\u00bb button_one_bg_color__hover_enabled=\u00bboff\u00bb button_two_bg_color__hover_enabled=\u00bboff\u00bb][\/et_pb_contact_field][et_pb_contact_field field_id=\u00bbTel\u00bb field_title=\u00bbTel\u00e9fono\u00bb _builder_version=\u00bb4.19.1&#8243; _module_preset=\u00bbdefault\u00bb global_colors_info=\u00bb{}\u00bb][\/et_pb_contact_field][et_pb_contact_field field_id=\u00bbMensaje\u00bb field_title=\u00bbMensaje\u00bb field_type=\u00bbtext\u00bb fullwidth_field=\u00bbon\u00bb _builder_version=\u00bb4.19.1&#8243; global_colors_info=\u00bb{}\u00bb button_text_size__hover_enabled=\u00bboff\u00bb button_one_text_size__hover_enabled=\u00bboff\u00bb button_two_text_size__hover_enabled=\u00bboff\u00bb button_text_color__hover_enabled=\u00bboff\u00bb button_one_text_color__hover_enabled=\u00bboff\u00bb button_two_text_color__hover_enabled=\u00bboff\u00bb button_border_width__hover_enabled=\u00bboff\u00bb button_one_border_width__hover_enabled=\u00bboff\u00bb button_two_border_width__hover_enabled=\u00bboff\u00bb button_border_color__hover_enabled=\u00bboff\u00bb button_one_border_color__hover_enabled=\u00bboff\u00bb button_two_border_color__hover_enabled=\u00bboff\u00bb button_border_radius__hover_enabled=\u00bboff\u00bb button_one_border_radius__hover_enabled=\u00bboff\u00bb button_two_border_radius__hover_enabled=\u00bboff\u00bb button_letter_spacing__hover_enabled=\u00bboff\u00bb button_one_letter_spacing__hover_enabled=\u00bboff\u00bb button_two_letter_spacing__hover_enabled=\u00bboff\u00bb button_bg_color__hover_enabled=\u00bboff\u00bb button_one_bg_color__hover_enabled=\u00bboff\u00bb button_two_bg_color__hover_enabled=\u00bboff\u00bb][\/et_pb_contact_field][\/et_pb_contact_form][\/et_pb_column][\/et_pb_row][\/et_pb_section]<\/p>\n","protected":false},"excerpt":{"rendered":"<p>CONTACTOCOMERCIALIZACONSTRUCTORA M.S.G.\u00a0 S.R.L. Experiencia en Grandes Obras OBRA CIVIL &#8211; HORMIG\u00d3N ARMADO &#8211; ALBA\u00d1ILERIA EN GRAL Direcci\u00f3n: Chilavert Martiniano Cnel. 6921. Capital Federal, CABA Tel\/Fax: 3535-3147 E-mail: constructoramsg@hotmail.com Whatsapp: 11-5120-1330\u00a0<\/p>\n","protected":false},"author":1,"featured_media":0,"parent":0,"menu_order":0,"comment_status":"closed","ping_status":"closed","template":"","meta":{"_et_pb_use_builder":"on","_et_pb_old_content":"<!-- wp:divi\/placeholder \/-->","_et_gb_content_width":"","footnotes":""},"class_list":["post-24610","page","type-page","status-publish","hentry"],"_links":{"self":[{"href":"https:\/\/fideicomisocastanares.com.ar\/index.php\/wp-json\/wp\/v2\/pages\/24610","targetHints":{"allow":["GET"]}}],"collection":[{"href":"https:\/\/fideicomisocastanares.com.ar\/index.php\/wp-json\/wp\/v2\/pages"}],"about":[{"href":"https:\/\/fideicomisocastanares.com.ar\/index.php\/wp-json\/wp\/v2\/types\/page"}],"author":[{"embeddable":true,"href":"https:\/\/fideicomisocastanares.com.ar\/index.php\/wp-json\/wp\/v2\/users\/1"}],"replies":[{"embeddable":true,"href":"https:\/\/fideicomisocastanares.com.ar\/index.php\/wp-json\/wp\/v2\/comments?post=24610"}],"version-history":[{"count":10,"href":"https:\/\/fideicomisocastanares.com.ar\/index.php\/wp-json\/wp\/v2\/pages\/24610\/revisions"}],"predecessor-version":[{"id":24884,"href":"https:\/\/fideicomisocastanares.com.ar\/index.php\/wp-json\/wp\/v2\/pages\/24610\/revisions\/24884"}],"wp:attachment":[{"href":"https:\/\/fideicomisocastanares.com.ar\/index.php\/wp-json\/wp\/v2\/media?parent=24610"}],"curies":[{"name":"wp","href":"https:\/\/api.w.org\/{rel}","templated":true}]}}