{"id":24587,"date":"2021-09-07T19:44:32","date_gmt":"2021-09-07T19:44:32","guid":{"rendered":"https:\/\/fideicomisocastanares.com.ar\/?page_id=24587"},"modified":"2021-10-19T14:07:45","modified_gmt":"2021-10-19T14:07:45","slug":"galeria","status":"publish","type":"page","link":"https:\/\/fideicomisocastanares.com.ar\/index.php\/galeria\/","title":{"rendered":"Unidades"},"content":{"rendered":"<p>[et_pb_section fb_built=\u00bb1&#8243; _builder_version=\u00bb4.10.7&#8243; _module_preset=\u00bbdefault\u00bb background_image=\u00bbhttps:\/\/fideicomisocastanares.com.ar\/wp-content\/uploads\/2021\/09\/llave-en-mano-departamento-propio-fideicomiso-castanares.jpg\u00bb custom_padding=\u00bb||300px|||\u00bb global_colors_info=\u00bb{}\u00bb][et_pb_row column_structure=\u00bb1_2,1_4,1_4&#8243; _builder_version=\u00bb4.10.7&#8243; _module_preset=\u00bbdefault\u00bb global_colors_info=\u00bb{}\u00bb][et_pb_column type=\u00bb1_2&#8243; _builder_version=\u00bb4.10.7&#8243; _module_preset=\u00bbdefault\u00bb global_colors_info=\u00bb{}\u00bb][et_pb_text _builder_version=\u00bb4.10.7&#8243; _module_preset=\u00bbdefault\u00bb header_2_font=\u00bb|800|||||||\u00bb header_2_text_align=\u00bbcenter\u00bb header_2_text_color=\u00bb#BBFCF4&#8243; header_2_font_size=\u00bb60px\u00bb header_2_letter_spacing=\u00bb8px\u00bb background_color=\u00bb#053834&#8243; custom_margin=\u00bb||-1px|||\u00bb custom_padding=\u00bb37px|||||\u00bb header_2_font_size_tablet=\u00bb40px\u00bb header_2_font_size_phone=\u00bb30px\u00bb header_2_font_size_last_edited=\u00bbon|tablet\u00bb header_2_text_shadow_style=\u00bbpreset2&#8243; border_radii=\u00bboff||50px||\u00bb border_width_bottom=\u00bb20px\u00bb border_color_bottom=\u00bb#BBFCF4&#8243; global_colors_info=\u00bb{}\u00bb]<\/p>\n<h2>UNIDADES<\/h2>\n<p>[\/et_pb_text][\/et_pb_column][et_pb_column type=\u00bb1_4&#8243; _builder_version=\u00bb4.10.7&#8243; _module_preset=\u00bbdefault\u00bb global_colors_info=\u00bb{}\u00bb][et_pb_image src=\u00bbhttps:\/\/fideicomisocastanares.com.ar\/wp-content\/uploads\/2021\/09\/logo-Fideicomiso-castanares-2.png\u00bb title_text=\u00bblogo Fideicomiso casta\u00f1ares 2&#8243; align=\u00bbcenter\u00bb _builder_version=\u00bb4.10.7&#8243; _module_preset=\u00bbdefault\u00bb global_colors_info=\u00bb{}\u00bb][\/et_pb_image][\/et_pb_column][et_pb_column type=\u00bb1_4&#8243; _builder_version=\u00bb4.10.7&#8243; _module_preset=\u00bbdefault\u00bb global_colors_info=\u00bb{}\u00bb][et_pb_button button_text=\u00bbSOLICITAR + INFO\u00bb button_alignment=\u00bbcenter\u00bb _builder_version=\u00bb4.10.7&#8243; _module_preset=\u00bbdefault\u00bb custom_button=\u00bbon\u00bb button_text_color=\u00bb#053834&#8243; button_bg_color=\u00bb#BBFCF4&#8243; button_border_width=\u00bb0px\u00bb button_border_radius=\u00bb5px\u00bb custom_margin=\u00bb45px||||false|false\u00bb custom_padding=\u00bb||||false|false\u00bb global_colors_info=\u00bb{}\u00bb button_bg_color__hover_enabled=\u00bbon|hover\u00bb button_bg_color__hover=\u00bb#02B7A4&#8243; button_bg_enable_color__hover=\u00bbon\u00bb background_layout__hover_enabled=\u00bbon|hover\u00bb background_layout__hover=\u00bbdark\u00bb][\/et_pb_button][\/et_pb_column][\/et_pb_row][\/et_pb_section][et_pb_section fb_built=\u00bb1&#8243; _builder_version=\u00bb4.10.7&#8243; _module_preset=\u00bbdefault\u00bb background_color=\u00bb#02B7A4&#8243; background_image=\u00bbhttps:\/\/fideicomisocastanares.com.ar\/wp-content\/uploads\/2021\/09\/puntos-blancos-y-linea.png\u00bb background_size=\u00bbcontain\u00bb top_divider_style=\u00bbmountains2&#8243; top_divider_color=\u00bb#19746B\u00bb top_divider_height=\u00bb50px\u00bb global_colors_info=\u00bb{}\u00bb][et_pb_row _builder_version=\u00bb4.10.7&#8243; _module_preset=\u00bbdefault\u00bb custom_padding=\u00bb66px|||||\u00bb global_colors_info=\u00bb{}\u00bb][et_pb_column type=\u00bb4_4&#8243; _builder_version=\u00bb4.10.7&#8243; _module_preset=\u00bbdefault\u00bb global_colors_info=\u00bb{}\u00bb][et_pb_text _builder_version=\u00bb4.10.7&#8243; _module_preset=\u00bbdefault\u00bb header_3_font=\u00bb|700|||||||\u00bb header_3_text_align=\u00bbcenter\u00bb header_3_font_size=\u00bb31px\u00bb background_color=\u00bb#F1F6FB\u00bb custom_padding=\u00bb25px||25px||true|false\u00bb border_width_right=\u00bb20px\u00bb border_color_right=\u00bb#053834&#8243; border_width_left=\u00bb20px\u00bb border_color_left=\u00bb#053834&#8243; global_colors_info=\u00bb{}\u00bb]<\/p>\n<h3>3 AMBIENTES<\/h3>\n<p>[\/et_pb_text][et_pb_text _builder_version=\u00bb4.10.6&#8243; _module_preset=\u00bbdefault\u00bb text_text_color=\u00bb#F1F6FB\u00bb text_font_size=\u00bb18px\u00bb text_letter_spacing=\u00bb1.5px\u00bb text_line_height=\u00bb1.8em\u00bb text_orientation=\u00bbjustified\u00bb custom_margin=\u00bb26px||46px|||\u00bb custom_padding=\u00bb9px|50px|9px|50px|true|true\u00bb global_colors_info=\u00bb{}\u00bb]<\/p>\n<p>El edificio se ubica en el barrio de Villa Lugano de la ciudad de Buenos Aires. Se encuentra en una zona tranquila pr\u00f3xima a importantes v\u00edas de circulaci\u00f3n como la Autopista Dellepiane, Av. Gral. Paz y al metrob\u00fas Sur con conexiones a diferentes puntos de la ciudad. Adem\u00e1s con cercan\u00edas a plazas y espacios p\u00fablicos.<\/p>\n<p>[\/et_pb_text][et_pb_image src=\u00bbhttps:\/\/fideicomisocastanares.com.ar\/wp-content\/uploads\/2021\/09\/castanares-5442-fideicomiso-cocina-comedor-construstora-msg-srl.jpg\u00bb title_text=\u00bbcasta\u00f1ares-5442-fideicomiso-cocina-comedor-construstora-msg-srl\u00bb _builder_version=\u00bb4.10.7&#8243; _module_preset=\u00bbdefault\u00bb global_colors_info=\u00bb{}\u00bb][\/et_pb_image][\/et_pb_column][\/et_pb_row][et_pb_row column_structure=\u00bb1_2,1_2&#8243; _builder_version=\u00bb4.10.7&#8243; _module_preset=\u00bbdefault\u00bb max_width=\u00bb100%\u00bb global_colors_info=\u00bb{}\u00bb][et_pb_column type=\u00bb1_2&#8243; _builder_version=\u00bb4.10.7&#8243; _module_preset=\u00bbdefault\u00bb custom_padding=\u00bb20px|20px|20px|20px|true|true\u00bb border_width_all=\u00bb1px\u00bb border_color_all=\u00bb#F1F6FB\u00bb global_colors_info=\u00bb{}\u00bb][et_pb_image src=\u00bbhttps:\/\/fideicomisocastanares.com.ar\/wp-content\/uploads\/2021\/09\/castanares-5442-fideicomiso-dormitorio-doble-construstora-msg-srl.jpg\u00bb title_text=\u00bbcasta\u00f1ares-5442-fideicomiso-dormitorio-doble-construstora-msg-srl\u00bb _builder_version=\u00bb4.10.7&#8243; _module_preset=\u00bbdefault\u00bb border_color_all=\u00bb#BBFCF4&#8243; global_colors_info=\u00bb{}\u00bb][\/et_pb_image][et_pb_image src=\u00bbhttps:\/\/fideicomisocastanares.com.ar\/wp-content\/uploads\/2021\/09\/castanares-5442-fideicomiso-2-construstora-msg-srl.jpg\u00bb title_text=\u00bbcasta\u00f1ares-5442-fideicomiso-2-construstora-msg-srl\u00bb _builder_version=\u00bb4.10.6&#8243; _module_preset=\u00bbdefault\u00bb global_colors_info=\u00bb{}\u00bb][\/et_pb_image][\/et_pb_column][et_pb_column type=\u00bb1_2&#8243; _builder_version=\u00bb4.10.7&#8243; _module_preset=\u00bbdefault\u00bb global_colors_info=\u00bb{}\u00bb][et_pb_image src=\u00bbhttps:\/\/fideicomisocastanares.com.ar\/wp-content\/uploads\/2021\/09\/plano-3-ambientes-b.png\u00bb title_text=\u00bbplano 3 ambientes b\u00bb align=\u00bbcenter\u00bb _builder_version=\u00bb4.10.6&#8243; _module_preset=\u00bbdefault\u00bb custom_margin=\u00bb||||false|false\u00bb global_colors_info=\u00bb{}\u00bb][\/et_pb_image][\/et_pb_column][\/et_pb_row][et_pb_row _builder_version=\u00bb4.11.3&#8243; _module_preset=\u00bbdefault\u00bb][et_pb_column _builder_version=\u00bb4.11.3&#8243; _module_preset=\u00bbdefault\u00bb type=\u00bb4_4&#8243;][et_pb_text _builder_version=\u00bb4.10.6&#8243; _module_preset=\u00bbdefault\u00bb text_font=\u00bb|300|||||||\u00bb text_text_color=\u00bb#F1F6FB\u00bb text_font_size=\u00bb14px\u00bb text_letter_spacing=\u00bb1.5px\u00bb text_line_height=\u00bb1.8em\u00bb text_orientation=\u00bbright\u00bb custom_padding=\u00bb10px|10px|10px|10px|true|true\u00bb global_colors_info=\u00bb{}\u00bb]<\/p>\n<p>*-Las im\u00e1genes y muebles son de car\u00e1cter ilustrativo. Pueden tener modificaciones seg\u00edn las necesidades de la constructora.<\/p>\n<p>[\/et_pb_text][\/et_pb_column][\/et_pb_row][\/et_pb_section][et_pb_section fb_built=\u00bb1&#8243; _builder_version=\u00bb4.10.7&#8243; _module_preset=\u00bbdefault\u00bb background_color=\u00bb#19746B\u00bb global_colors_info=\u00bb{}\u00bb][et_pb_row _builder_version=\u00bb4.10.7&#8243; _module_preset=\u00bbdefault\u00bb global_colors_info=\u00bb{}\u00bb][et_pb_column type=\u00bb4_4&#8243; _builder_version=\u00bb4.10.7&#8243; _module_preset=\u00bbdefault\u00bb global_colors_info=\u00bb{}\u00bb][et_pb_text _builder_version=\u00bb4.10.7&#8243; _module_preset=\u00bbdefault\u00bb header_3_font=\u00bb|700|||||||\u00bb header_3_text_align=\u00bbcenter\u00bb header_3_font_size=\u00bb31px\u00bb background_color=\u00bb#F1F6FB\u00bb custom_padding=\u00bb25px||25px||true|false\u00bb border_width_right=\u00bb20px\u00bb border_color_right=\u00bb#053834&#8243; border_width_left=\u00bb20px\u00bb border_color_left=\u00bb#053834&#8243; global_colors_info=\u00bb{}\u00bb]<\/p>\n<h3>MONOAMBIENTE<\/h3>\n<p>[\/et_pb_text][et_pb_text _builder_version=\u00bb4.11.3&#8243; _module_preset=\u00bbdefault\u00bb text_font=\u00bb|300|||||||\u00bb text_text_color=\u00bb#F1F6FB\u00bb text_font_size=\u00bb14px\u00bb text_letter_spacing=\u00bb1.5px\u00bb text_line_height=\u00bb1.8em\u00bb text_orientation=\u00bbcenter\u00bb custom_padding=\u00bb10px|10px|10px|10px|true|true\u00bb hover_enabled=\u00bb0&#8243; global_colors_info=\u00bb{}\u00bb sticky_enabled=\u00bb0&#8243;]<\/p>\n<p>*-Las im\u00e1genes y muebles son de car\u00e1cter ilustrativo. Pueden tener modificaciones seg\u00edn las necesidades de la constructora.<\/p>\n<p>[\/et_pb_text][\/et_pb_column][\/et_pb_row][et_pb_row column_structure=\u00bb3_5,2_5&#8243; use_custom_gutter=\u00bbon\u00bb gutter_width=\u00bb1&#8243; _builder_version=\u00bb4.10.7&#8243; _module_preset=\u00bbdefault\u00bb width=\u00bb100%\u00bb max_width=\u00bb100%\u00bb global_colors_info=\u00bb{}\u00bb][et_pb_column type=\u00bb3_5&#8243; _builder_version=\u00bb4.10.7&#8243; _module_preset=\u00bbdefault\u00bb global_colors_info=\u00bb{}\u00bb][et_pb_image src=\u00bbhttps:\/\/fideicomisocastanares.com.ar\/wp-content\/uploads\/2021\/09\/castanares-5442-fideicomiso-monoambiente-living-construstora-msg-srl.jpg\u00bb title_text=\u00bbcasta\u00f1ares-5442-fideicomiso-monoambiente-living-construstora-msg-srl\u00bb align=\u00bbcenter\u00bb _builder_version=\u00bb4.10.7&#8243; _module_preset=\u00bbdefault\u00bb custom_margin=\u00bb0px|||||\u00bb border_width_all=\u00bb20px\u00bb border_color_all=\u00bb#19746B\u00bb global_colors_info=\u00bb{}\u00bb][\/et_pb_image][et_pb_image src=\u00bbhttps:\/\/fideicomisocastanares.com.ar\/wp-content\/uploads\/2021\/09\/plano-monoambiente-fideicomiso-castanares.jpg\u00bb title_text=\u00bbplano-monoambiente-fideicomiso-castanares\u00bb _builder_version=\u00bb4.10.7&#8243; _module_preset=\u00bbdefault\u00bb global_colors_info=\u00bb{}\u00bb][\/et_pb_image][\/et_pb_column][et_pb_column type=\u00bb2_5&#8243; _builder_version=\u00bb4.10.7&#8243; _module_preset=\u00bbdefault\u00bb global_colors_info=\u00bb{}\u00bb][et_pb_image src=\u00bbhttps:\/\/fideicomisocastanares.com.ar\/wp-content\/uploads\/2021\/09\/castanares-5442-fideicomiso-banoconstrustora-msg-srl.jpg\u00bb title_text=\u00bbcasta\u00f1ares-5442-fideicomiso-ba\u00f1oconstrustora-msg-srl\u00bb align=\u00bbcenter\u00bb _builder_version=\u00bb4.10.7&#8243; _module_preset=\u00bbdefault\u00bb border_width_all=\u00bb25px\u00bb border_color_all=\u00bb#19746B\u00bb global_colors_info=\u00bb{}\u00bb][\/et_pb_image][\/et_pb_column][\/et_pb_row][\/et_pb_section]<\/p>\n","protected":false},"excerpt":{"rendered":"<p>UNIDADES3 AMBIENTESEl edificio se ubica en el barrio de Villa Lugano de la ciudad de Buenos Aires. Se encuentra en una zona tranquila pr\u00f3xima a importantes v\u00edas de circulaci\u00f3n como la Autopista Dellepiane, Av. Gral. Paz y al metrob\u00fas Sur con conexiones a diferentes puntos de la ciudad. Adem\u00e1s con cercan\u00edas a plazas y espacios [&hellip;]<\/p>\n","protected":false},"author":1,"featured_media":0,"parent":0,"menu_order":0,"comment_status":"closed","ping_status":"closed","template":"","meta":{"_et_pb_use_builder":"on","_et_pb_old_content":"","_et_gb_content_width":"","footnotes":""},"class_list":["post-24587","page","type-page","status-publish","hentry"],"_links":{"self":[{"href":"https:\/\/fideicomisocastanares.com.ar\/index.php\/wp-json\/wp\/v2\/pages\/24587","targetHints":{"allow":["GET"]}}],"collection":[{"href":"https:\/\/fideicomisocastanares.com.ar\/index.php\/wp-json\/wp\/v2\/pages"}],"about":[{"href":"https:\/\/fideicomisocastanares.com.ar\/index.php\/wp-json\/wp\/v2\/types\/page"}],"author":[{"embeddable":true,"href":"https:\/\/fideicomisocastanares.com.ar\/index.php\/wp-json\/wp\/v2\/users\/1"}],"replies":[{"embeddable":true,"href":"https:\/\/fideicomisocastanares.com.ar\/index.php\/wp-json\/wp\/v2\/comments?post=24587"}],"version-history":[{"count":11,"href":"https:\/\/fideicomisocastanares.com.ar\/index.php\/wp-json\/wp\/v2\/pages\/24587\/revisions"}],"predecessor-version":[{"id":24812,"href":"https:\/\/fideicomisocastanares.com.ar\/index.php\/wp-json\/wp\/v2\/pages\/24587\/revisions\/24812"}],"wp:attachment":[{"href":"https:\/\/fideicomisocastanares.com.ar\/index.php\/wp-json\/wp\/v2\/media?parent=24587"}],"curies":[{"name":"wp","href":"https:\/\/api.w.org\/{rel}","templated":true}]}}